{"id":10,"date":"2006-11-25T13:17:50","date_gmt":"2006-11-25T12:17:50","guid":{"rendered":"http:\/\/www.mujereslive.com\/index.php\/como-subir-imagenes\/"},"modified":"2006-11-25T13:17:50","modified_gmt":"2006-11-25T12:17:50","slug":"como-subir-imagenes","status":"publish","type":"page","link":"http:\/\/www.mujerlive.com\/index.php\/como-subir-imagenes\/","title":{"rendered":"C\u00f3mo subir im\u00e1genes"},"content":{"rendered":"<p>Tan s\u00f3lo es posible subir im\u00e1genes si est\u00e1s registrada como &#8220;redactora&#8221; y tienes permisos de escritura de entradas nuevas en el blog en cada una de sus diferentes categor\u00edas. En los comentarios no es posible subir im\u00e1genes.<\/p>\n<p>Para subir im\u00e1genes entre el texto de tu art\u00edculo, debes subir la fotograf\u00eda a cualquier servidor de hosting gratu\u00edto. De esa forma, tan solo necesitas la direcci\u00f3n exacta de la imagen para que el blog la cargue. (Ejemplo: <a href=\"http:\/\/www.mujerlive.com\/imagenes\/mifoto.jpg\">http:\/\/www.mujerlive.com\/imagenes\/mifoto.jpg<\/a>)<\/p>\n<p>Las fotos deben tener un tama\u00f1o m\u00e1ximo de\u00a0500 pixels\u00a0de ancho por cualquier tama\u00f1o de alto. Deben ser reescaladas antes de subirlas al servidor gratu\u00edto.<\/p>\n","protected":false},"excerpt":{"rendered":"<p>Tan s\u00f3lo es posible subir im\u00e1genes si est\u00e1s registrada como &#8220;redactora&#8221; y tienes permisos de escritura de entradas nuevas en el blog en cada una de sus diferentes categor\u00edas. En los comentarios no es posible subir im\u00e1genes. Para subir im\u00e1genes entre el texto de tu art\u00edculo, debes subir la fotograf\u00eda a cualquier servidor de hosting [&hellip;]<\/p>\n","protected":false},"author":19,"featured_media":0,"parent":0,"menu_order":0,"comment_status":"open","ping_status":"open","template":"","meta":{"ngg_post_thumbnail":0,"footnotes":""},"class_list":["post-10","page","type-page","status-publish","hentry"],"_links":{"self":[{"href":"http:\/\/www.mujerlive.com\/index.php\/wp-json\/wp\/v2\/pages\/10","targetHints":{"allow":["GET"]}}],"collection":[{"href":"http:\/\/www.mujerlive.com\/index.php\/wp-json\/wp\/v2\/pages"}],"about":[{"href":"http:\/\/www.mujerlive.com\/index.php\/wp-json\/wp\/v2\/types\/page"}],"author":[{"embeddable":true,"href":"http:\/\/www.mujerlive.com\/index.php\/wp-json\/wp\/v2\/users\/19"}],"replies":[{"embeddable":true,"href":"http:\/\/www.mujerlive.com\/index.php\/wp-json\/wp\/v2\/comments?post=10"}],"version-history":[{"count":0,"href":"http:\/\/www.mujerlive.com\/index.php\/wp-json\/wp\/v2\/pages\/10\/revisions"}],"wp:attachment":[{"href":"http:\/\/www.mujerlive.com\/index.php\/wp-json\/wp\/v2\/media?parent=10"}],"curies":[{"name":"wp","href":"https:\/\/api.w.org\/{rel}","templated":true}]}}