{"id":13,"date":"2006-11-25T14:01:15","date_gmt":"2006-11-25T13:01:15","guid":{"rendered":"http:\/\/www.mujereslive.com\/index.php\/categorias-disponibles\/"},"modified":"2006-11-25T14:01:15","modified_gmt":"2006-11-25T13:01:15","slug":"categorias-disponibles","status":"publish","type":"page","link":"http:\/\/www.mujerlive.com\/index.php\/categorias-disponibles\/","title":{"rendered":"Categor\u00edas disponibles"},"content":{"rendered":"<p>Pueden proponerse m\u00faltiples categor\u00edas en las que publicar vuestros art\u00edculos. A d\u00eda de hoy los apartados disponibles son:<\/p>\n<p>\u00a0Belleza<br \/>\n\u00a0<br \/>\n\u00a0Cine<br \/>\n\u00a0<br \/>\n\u00a0Ciudades<br \/>\n\u00a0<br \/>\n\u00a0Compras<br \/>\n\u00a0<br \/>\n\u00a0Curiosidades<br \/>\n\u00a0<br \/>\n\u00a0Deportes<br \/>\n\u00a0<br \/>\n\u00a0Dieta<br \/>\n\u00a0<br \/>\n\u00a0Enfermedades<br \/>\n\u00a0<br \/>\n\u00a0Entrevistas<br \/>\n\u00a0<br \/>\n\u00a0Estados de \u00e1nimo<br \/>\n\u00a0<br \/>\n\u00a0Fiestas<br \/>\n\u00a0<br \/>\n\u00a0General<br \/>\n\u00a0<br \/>\n\u00a0Hombres<br \/>\n\u00a0<br \/>\n\u00a0Libros<br \/>\n\u00a0<br \/>\n\u00a0Ligar<br \/>\n\u00a0<br \/>\n\u00a0Literatura<br \/>\n\u00a0<br \/>\n\u00a0Maltrato<br \/>\n\u00a0<br \/>\n\u00a0Mascotas<br \/>\n\u00a0<br \/>\n\u00a0Moda<br \/>\n\u00a0<br \/>\n\u00a0M\u00fasica<br \/>\n\u00a0<br \/>\n\u00a0Novedades<br \/>\n\u00a0<br \/>\n\u00a0Pareja<br \/>\n\u00a0<br \/>\n\u00a0Pel\u00edculas<br \/>\n\u00a0<br \/>\n\u00a0Personajes<br \/>\n\u00a0<br \/>\n\u00a0Recetas<br \/>\n\u00a0<br \/>\n\u00a0Reflexiones<br \/>\n\u00a0<br \/>\n\u00a0Relatos<br \/>\n\u00a0<br \/>\n\u00a0Religi\u00f3n<br \/>\n\u00a0<br \/>\n\u00a0Ropa<br \/>\n\u00a0<br \/>\n\u00a0Sexualidad<br \/>\n\u00a0<br \/>\n\u00a0Tendencias<br \/>\n\u00a0<br \/>\n\u00a0Trabajo<br \/>\n\u00a0<br \/>\n\u00a0Viajes<\/p>\n","protected":false},"excerpt":{"rendered":"<p>Pueden proponerse m\u00faltiples categor\u00edas en las que publicar vuestros art\u00edculos. A d\u00eda de hoy los apartados disponibles son: \u00a0Belleza \u00a0 \u00a0Cine \u00a0 \u00a0Ciudades \u00a0 \u00a0Compras \u00a0 \u00a0Curiosidades \u00a0 \u00a0Deportes \u00a0 \u00a0Dieta \u00a0 \u00a0Enfermedades \u00a0 \u00a0Entrevistas \u00a0 \u00a0Estados de \u00e1nimo \u00a0 \u00a0Fiestas \u00a0 \u00a0General \u00a0 \u00a0Hombres \u00a0 \u00a0Libros \u00a0 \u00a0Ligar \u00a0 \u00a0Literatura \u00a0 \u00a0Maltrato \u00a0 \u00a0Mascotas [&hellip;]<\/p>\n","protected":false},"author":19,"featured_media":0,"parent":0,"menu_order":0,"comment_status":"open","ping_status":"open","template":"","meta":{"ngg_post_thumbnail":0,"footnotes":""},"class_list":["post-13","page","type-page","status-publish","hentry"],"_links":{"self":[{"href":"http:\/\/www.mujerlive.com\/index.php\/wp-json\/wp\/v2\/pages\/13","targetHints":{"allow":["GET"]}}],"collection":[{"href":"http:\/\/www.mujerlive.com\/index.php\/wp-json\/wp\/v2\/pages"}],"about":[{"href":"http:\/\/www.mujerlive.com\/index.php\/wp-json\/wp\/v2\/types\/page"}],"author":[{"embeddable":true,"href":"http:\/\/www.mujerlive.com\/index.php\/wp-json\/wp\/v2\/users\/19"}],"replies":[{"embeddable":true,"href":"http:\/\/www.mujerlive.com\/index.php\/wp-json\/wp\/v2\/comments?post=13"}],"version-history":[{"count":0,"href":"http:\/\/www.mujerlive.com\/index.php\/wp-json\/wp\/v2\/pages\/13\/revisions"}],"wp:attachment":[{"href":"http:\/\/www.mujerlive.com\/index.php\/wp-json\/wp\/v2\/media?parent=13"}],"curies":[{"name":"wp","href":"https:\/\/api.w.org\/{rel}","templated":true}]}}