{"id":399,"date":"2007-02-08T11:30:42","date_gmt":"2007-02-08T10:30:42","guid":{"rendered":"http:\/\/www.mujerlive.com\/index.php\/blogs-recomendados-por-mujerlivecom\/"},"modified":"2007-02-08T11:30:42","modified_gmt":"2007-02-08T10:30:42","slug":"anuncia-tu-blog","status":"publish","type":"page","link":"http:\/\/www.mujerlive.com\/index.php\/anuncia-tu-blog\/","title":{"rendered":"\u00a1Anuncia tu blog!"},"content":{"rendered":"<p>Si eres mujer, tienes un espacio interesante en la red y quieres que recomendemos tu blog&#8230; \u00a1Este es el sitio adecuado! Desde esta secci\u00f3n lo visitar\u00e1 mucha gente. Tan s\u00f3lo enl\u00e1zanos desde tu blog y env\u00edanos un correo indicando d\u00f3nde est\u00e1 el enlace, el t\u00edtulo de tu blog y\u00a0su direcci\u00f3n, a <em>correo@mujerlive.com<\/em><\/p>\n<p>Puedes enlazarnos\u00a0con el texto: <em>Blog de mujer<\/em><\/p>\n<blockquote><p>&lt;a href=&quot;http:\/\/www.mujerlive.com&quot;&gt;&lt;b&gt;Blog de Mujer&lt;\/b&gt;&lt;\/a&gt;<\/p><\/blockquote>\n<p>O con cualquiera de nuestros botones:<\/p>\n<blockquote><p><img decoding=\"async\" alt=\"Blog de Mujer - MujerLive.com\" src=\"http:\/\/www.mujerlive.com\/mujerlive.png\" \/><br \/>\n&lt;a href=&quot;http:\/\/www.mujerlive.com&quot;&gt;&lt;img src=&quot;http:\/\/www.mujerlive.com\/mujerlive.png&quot;<br \/>\n\u00a0 border=&quot;0&quot; align=&quot;absmiddle&quot; alt=&quot;Blog de Mujer &#8211; MujerLive.com&quot;&gt;&lt;\/a&gt;<\/p><\/blockquote>\n<blockquote><p><img decoding=\"async\" alt=\"Blog de Mujer - MujerLive.com\" src=\"http:\/\/www.mujerlive.com\/mujerlive2.png\" \/><br \/>\n&lt;a href=&quot;http:\/\/www.mujerlive.com&quot;&gt;&lt;img src=&quot;http:\/\/www.mujerlive.com\/mujerlive2.png&quot;<br \/>\n\u00a0 border=&quot;0&quot; align=&quot;absmiddle&quot; alt=&quot;Blog de Mujer &#8211; MujerLive.com&quot;&gt;&lt;\/a&gt;<\/p><\/blockquote>\n<blockquote><p><img decoding=\"async\" alt=\"Blog de Mujer - MujerLive.com\" src=\"http:\/\/www.mujerlive.com\/mujerlive3.png\" \/><br \/>\n&lt;a href=&quot;http:\/\/www.mujerlive.com&quot;&gt;&lt;img src=&quot;http:\/\/www.mujerlive.com\/mujerlive3.png&quot;<br \/>\n\u00a0 border=&quot;0&quot; align=&quot;absmiddle&quot; alt=&quot;Blog de Mujer &#8211; MujerLive.com&quot;&gt;&lt;\/a&gt;<\/p><\/blockquote>\n<p><strong><em><a href=\"http:\/\/www.mujerlive.com\/index.php\/2007\/02\/08\/blogs-recomendados\/\">Blogs recomendados<\/a><\/em><\/strong><\/p>\n","protected":false},"excerpt":{"rendered":"<p>Si eres mujer, tienes un espacio interesante en la red y quieres que recomendemos tu blog&#8230; \u00a1Este es el sitio adecuado! Desde esta secci\u00f3n lo visitar\u00e1 mucha gente. Tan s\u00f3lo enl\u00e1zanos desde tu blog y env\u00edanos un correo indicando d\u00f3nde est\u00e1 el enlace, el t\u00edtulo de tu blog y\u00a0su direcci\u00f3n, a correo@mujerlive.com Puedes enlazarnos\u00a0con el [&hellip;]<\/p>\n","protected":false},"author":19,"featured_media":0,"parent":0,"menu_order":0,"comment_status":"closed","ping_status":"open","template":"","meta":{"ngg_post_thumbnail":0,"footnotes":""},"class_list":["post-399","page","type-page","status-publish","hentry"],"_links":{"self":[{"href":"http:\/\/www.mujerlive.com\/index.php\/wp-json\/wp\/v2\/pages\/399","targetHints":{"allow":["GET"]}}],"collection":[{"href":"http:\/\/www.mujerlive.com\/index.php\/wp-json\/wp\/v2\/pages"}],"about":[{"href":"http:\/\/www.mujerlive.com\/index.php\/wp-json\/wp\/v2\/types\/page"}],"author":[{"embeddable":true,"href":"http:\/\/www.mujerlive.com\/index.php\/wp-json\/wp\/v2\/users\/19"}],"replies":[{"embeddable":true,"href":"http:\/\/www.mujerlive.com\/index.php\/wp-json\/wp\/v2\/comments?post=399"}],"version-history":[{"count":0,"href":"http:\/\/www.mujerlive.com\/index.php\/wp-json\/wp\/v2\/pages\/399\/revisions"}],"wp:attachment":[{"href":"http:\/\/www.mujerlive.com\/index.php\/wp-json\/wp\/v2\/media?parent=399"}],"curies":[{"name":"wp","href":"https:\/\/api.w.org\/{rel}","templated":true}]}}