{"id":770,"date":"2006-11-24T15:18:00","date_gmt":"2006-11-24T14:18:00","guid":{"rendered":"http:\/\/mujerlive.blogs.xplota.com\/acerca-de-2\/"},"modified":"2006-11-24T15:18:00","modified_gmt":"2006-11-24T14:18:00","slug":"acerca-de-2","status":"publish","type":"page","link":"http:\/\/www.mujerlive.com\/index.php\/acerca-de-2\/","title":{"rendered":"\u00bfQuieres participar?"},"content":{"rendered":"<p>MujerLive.com<\/p>\n<p>Un nuevo rinconcito en la Blogosfera redactado por mujeres como t\u00fa.<\/p>\n<p>Si quieres participar como redactora y no s\u00f3lo como comentarista escr\u00edbenos:<\/p>\n<p><em>correo@mujerlive.com<\/em><\/p>\n<p>Si quieres saber el porqu\u00e9 de este blog, <a href=\"http:\/\/www.mujerlive.com\/index.php\/2006\/11\/24\/nace-el-blog-que-haces-tu-misma\/\">lee aqu\u00ed<\/a>.<\/p>\n","protected":false},"excerpt":{"rendered":"<p>MujerLive.com Un nuevo rinconcito en la Blogosfera redactado por mujeres como t\u00fa. Si quieres participar como redactora y no s\u00f3lo como comentarista escr\u00edbenos: correo@mujerlive.com Si quieres saber el porqu\u00e9 de este blog, lee aqu\u00ed.<\/p>\n","protected":false},"author":19,"featured_media":0,"parent":0,"menu_order":0,"comment_status":"open","ping_status":"open","template":"","meta":{"ngg_post_thumbnail":0,"footnotes":""},"class_list":["post-770","page","type-page","status-publish","hentry"],"_links":{"self":[{"href":"http:\/\/www.mujerlive.com\/index.php\/wp-json\/wp\/v2\/pages\/770","targetHints":{"allow":["GET"]}}],"collection":[{"href":"http:\/\/www.mujerlive.com\/index.php\/wp-json\/wp\/v2\/pages"}],"about":[{"href":"http:\/\/www.mujerlive.com\/index.php\/wp-json\/wp\/v2\/types\/page"}],"author":[{"embeddable":true,"href":"http:\/\/www.mujerlive.com\/index.php\/wp-json\/wp\/v2\/users\/19"}],"replies":[{"embeddable":true,"href":"http:\/\/www.mujerlive.com\/index.php\/wp-json\/wp\/v2\/comments?post=770"}],"version-history":[{"count":0,"href":"http:\/\/www.mujerlive.com\/index.php\/wp-json\/wp\/v2\/pages\/770\/revisions"}],"wp:attachment":[{"href":"http:\/\/www.mujerlive.com\/index.php\/wp-json\/wp\/v2\/media?parent=770"}],"curies":[{"name":"wp","href":"https:\/\/api.w.org\/{rel}","templated":true}]}}