{"id":8,"date":"2006-11-25T11:57:09","date_gmt":"2006-11-25T10:57:09","guid":{"rendered":"http:\/\/www.mujereslive.com\/index.php\/normas-de-uso\/"},"modified":"2006-11-25T11:57:09","modified_gmt":"2006-11-25T10:57:09","slug":"normas-de-uso","status":"publish","type":"page","link":"http:\/\/www.mujerlive.com\/index.php\/normas-de-uso\/","title":{"rendered":"Normas de uso"},"content":{"rendered":"<p>MujerLive.com se rige por la siguientes normas:\u00a0<\/p>\n<p>1.- Debes revisar tu art\u00edculo o comentario\u00a0detenidamente antes de publicarlo, para que no contenga\u00a0faltas de ortograf\u00eda.<\/p>\n<p>2.- No escribas tus art\u00edculos y comentarios con t\u00e9rminos del lenguaje SMS, esto es un blog, no un m\u00f3vil. Tampoco lo hagas en may\u00fasculas, pues dificulta mucho su posterior lectura.<\/p>\n<p>3.- A la hora de publicar tu art\u00edculo (si eres redactora del blog) puedes seleccionar varias categor\u00edas de las que est\u00e1n disponibles, si crees que encaja en varias de ellas, por ejemplo: General, Moda, Ropa, Compras y Est\u00e1do de \u00e1nimo para un mismo art\u00edculo. Pero siempre, como m\u00ednimo, debes seleccionar la categor\u00eda &#8220;General&#8221;, en\u00a0la cual\u00a0aparecer\u00e1n todos los textos.<\/p>\n<p>4.- El blog est\u00e1\u00a0realizado por los usuarios y visitantes de la Red, por lo que no se hace responsable de las entradas proporcionadas por sus redactores y comentaristas, siendo el usuario el\u00a0\u00fanico\u00a0responsable de sus comentarios y\/o de hacer referencia a una o varias marcas registradas.<\/p>\n<p>5.- Queda estrictamente prohibida la difusi\u00f3n, transmisi\u00f3n y publicaci\u00f3n en cualquier medio (web, blog, foro, prensa, revista, peri\u00f3dico, emisora, radio, tv&#8230;) de cualquiera de los textos y fotograf\u00edas publicados sin el previo y expreso consentimiento por escrito.<\/p>\n<p>6.- Si alguno de los textos publicados viola normas de copyright de terceros,\u00a0deben avisar a los propietarios del blog para que \u00e9stos sean eliminados.<\/p>\n<p>7.- No puede utilizarse el blog como un canal de insultos, as\u00ed como no est\u00e1 permitido participar con\u00a0comentarios racistas\u00a0o conductas denotadas como apolog\u00eda del terrorismo.<\/p>\n<p>8.- La utilizaci\u00f3n de los servicios y contenidos del Portal est\u00e1 sujeta a la legislaci\u00f3n vigente y a los principios de buena fe y no alteraci\u00f3n del orden p\u00fablico, en especial las normas nacionales e internacionales de protecci\u00f3n de los derechos humanos. El usuario no utilizar\u00e1 el Portal para transmitir, comunicar o difundir, de cualquier modo, opiniones o contenidos ilegales, difamatorios, vulgares o que de cualquier otro modo puedan herir la sensibilidad de los dem\u00e1s o atentar contra los valores o dignidad de la persona.<\/p>\n<p>9.- Se prohibe todo uso del Portal, con fines il\u00edcitos o que perjudiquen o impidan, puedan da\u00f1ar y\/o sobrecargar, de cualquier forma, la utilizaci\u00f3n y normal funcionamiento del Portal o directa o indirectamente atenten contra el mismo o contra cualquier tercero.<\/p>\n<p>10.- MujerLive.com\u00a0se reserva el derecho, sin necesidad de previo aviso, a suspender el servicio si la conducta del usuario fuera contraria a estas normas.<\/p>\n","protected":false},"excerpt":{"rendered":"<p>MujerLive.com se rige por la siguientes normas:\u00a0 1.- Debes revisar tu art\u00edculo o comentario\u00a0detenidamente antes de publicarlo, para que no contenga\u00a0faltas de ortograf\u00eda. 2.- No escribas tus art\u00edculos y comentarios con t\u00e9rminos del lenguaje SMS, esto es un blog, no un m\u00f3vil. Tampoco lo hagas en may\u00fasculas, pues dificulta mucho su posterior lectura. 3.- A [&hellip;]<\/p>\n","protected":false},"author":19,"featured_media":0,"parent":0,"menu_order":0,"comment_status":"closed","ping_status":"open","template":"","meta":{"ngg_post_thumbnail":0,"footnotes":""},"class_list":["post-8","page","type-page","status-publish","hentry"],"_links":{"self":[{"href":"http:\/\/www.mujerlive.com\/index.php\/wp-json\/wp\/v2\/pages\/8","targetHints":{"allow":["GET"]}}],"collection":[{"href":"http:\/\/www.mujerlive.com\/index.php\/wp-json\/wp\/v2\/pages"}],"about":[{"href":"http:\/\/www.mujerlive.com\/index.php\/wp-json\/wp\/v2\/types\/page"}],"author":[{"embeddable":true,"href":"http:\/\/www.mujerlive.com\/index.php\/wp-json\/wp\/v2\/users\/19"}],"replies":[{"embeddable":true,"href":"http:\/\/www.mujerlive.com\/index.php\/wp-json\/wp\/v2\/comments?post=8"}],"version-history":[{"count":0,"href":"http:\/\/www.mujerlive.com\/index.php\/wp-json\/wp\/v2\/pages\/8\/revisions"}],"wp:attachment":[{"href":"http:\/\/www.mujerlive.com\/index.php\/wp-json\/wp\/v2\/media?parent=8"}],"curies":[{"name":"wp","href":"https:\/\/api.w.org\/{rel}","templated":true}]}}